{"id":730,"date":"2025-02-17T15:04:26","date_gmt":"2025-02-17T14:04:26","guid":{"rendered":"https:\/\/proptechsumm.it\/booking\/?post_type=product&#038;p=730"},"modified":"2026-04-14T09:42:46","modified_gmt":"2026-04-14T07:42:46","slug":"crepe-bar","status":"publish","type":"product","link":"https:\/\/proptechsummit.eu\/booking\/shop\/crepe-bar\/","title":{"rendered":"Crepe Bar"},"content":{"rendered":"<p data-start=\"0\" data-end=\"58\"><strong data-start=\"0\" data-end=\"58\">Cr\u00eape station at the Summit<\/strong><\/p>\n<p data-start=\"60\" data-end=\"298\">Attract visitors directly to your stand with the irresistible aroma of freshly made cr\u00eapes! Our cr\u00eape stand is seamlessly integrated into your appearance at the Summit and ensures maximum visibility and enjoyable contact moments.<\/p>\n<p data-start=\"300\" data-end=\"469\">Including:\u00a0<strong data-start=\"311\" data-end=\"366\">space (+6 m\u00b2 beyond the basic package), equipment, individual branding, staff<\/strong> \u2013 and\u00a0<strong data-start=\"373\" data-end=\"404\">500 portions for two days<\/strong>.<br data-start=\"405\" data-end=\"408\" \/>Hungry for more?\u00a0<strong data-start=\"421\" data-end=\"460\">100 additional portions<\/strong>\u00a0can be booked\u00a0<strong data-start=\"421\" data-end=\"460\">for \u20ac813<\/strong>.<\/p>\n<p data-start=\"300\" data-end=\"469\">Distribution times day 1\u00a0<span data-sheets-root=\"1\">10:30-18:00 \/ day 2 10:30-17:00<\/span><\/p>\n<p data-start=\"471\" data-end=\"534\" data-is-last-node=\"\" data-is-only-node=\"\"><strong data-start=\"471\" data-end=\"534\" data-is-last-node=\"\">Take off now with a sweet highlight and a strong presence!<\/strong><\/p>\n","protected":false},"excerpt":{"rendered":"<p>Cr\u00eape station at the Summit Attract visitors directly to your stand with the irresistible aroma of freshly made cr\u00eapes! Our cr\u00eape stand is seamlessly integrated into your appearance at the Summit and ensures maximum visibility and enjoyable contact moments. Including:\u00a0space (+6 m\u00b2 beyond the basic package), equipment, individual branding, staff \u2013 and\u00a0500 portions for two&hellip; <a class=\"more-link\" href=\"https:\/\/proptechsummit.eu\/booking\/shop\/crepe-bar\/\">Continue reading <span class=\"screen-reader-text\">Crepe Bar<\/span><\/a><\/p>\n","protected":false},"featured_media":809,"comment_status":"closed","ping_status":"closed","template":"","meta":[],"product_brand":[],"product_cat":[40],"product_tag":[],"class_list":{"0":"post-730","1":"product","2":"type-product","3":"status-publish","4":"has-post-thumbnail","6":"product_cat-lead-magnets-en","7":"entry","9":"first","10":"instock","11":"sold-individually","12":"taxable","13":"shipping-taxable","14":"purchasable","15":"product-type-simple"},"_links":{"self":[{"href":"https:\/\/proptechsummit.eu\/booking\/wp-json\/wp\/v2\/product\/730","targetHints":{"allow":["GET"]}}],"collection":[{"href":"https:\/\/proptechsummit.eu\/booking\/wp-json\/wp\/v2\/product"}],"about":[{"href":"https:\/\/proptechsummit.eu\/booking\/wp-json\/wp\/v2\/types\/product"}],"replies":[{"embeddable":true,"href":"https:\/\/proptechsummit.eu\/booking\/wp-json\/wp\/v2\/comments?post=730"}],"wp:featuredmedia":[{"embeddable":true,"href":"https:\/\/proptechsummit.eu\/booking\/wp-json\/wp\/v2\/media\/809"}],"wp:attachment":[{"href":"https:\/\/proptechsummit.eu\/booking\/wp-json\/wp\/v2\/media?parent=730"}],"wp:term":[{"taxonomy":"product_brand","embeddable":true,"href":"https:\/\/proptechsummit.eu\/booking\/wp-json\/wp\/v2\/product_brand?post=730"},{"taxonomy":"product_cat","embeddable":true,"href":"https:\/\/proptechsummit.eu\/booking\/wp-json\/wp\/v2\/product_cat?post=730"},{"taxonomy":"product_tag","embeddable":true,"href":"https:\/\/proptechsummit.eu\/booking\/wp-json\/wp\/v2\/product_tag?post=730"}],"curies":[{"name":"wp","href":"https:\/\/api.w.org\/{rel}","templated":true}]}}